{"id":164,"date":"2022-07-04T12:50:12","date_gmt":"2022-07-04T10:50:12","guid":{"rendered":"https:\/\/www.ppt-hagen.de\/start\/?page_id=164"},"modified":"2024-10-02T20:51:37","modified_gmt":"2024-10-02T18:51:37","slug":"angebot","status":"publish","type":"page","link":"https:\/\/www.ppt-hagen.de\/start\/angebot\/","title":{"rendered":"Arbeitsschwerpunkte der Praxis, Inhalte einer Verhaltenstherapie. Wann hilft eine Psychotherapie?"},"content":{"rendered":"\n<h1 class=\"wp-block-heading has-x-large-font-size\">Schwerpunkte<\/h1>\n\n\n\n<p><\/p>\n\n\n\n<p>Bei mir erhalten Sie psychotherapeutische Hilfe aufgrund folgender Problembereiche:\u00a0<\/p>\n\n\n\n<ul class=\"wp-block-list\">\n<li>Depressive Erkrankungen oder Burn-Out-Syndrom\u00a0<\/li>\n\n\n\n<li>Bipolare Erkrankungen<\/li>\n\n\n\n<li>Anpassungsst\u00f6rungen (Angstsymptome und\/ oder depressive Symptome nach bedeutenden Stressoren\/ Lebensereignissen wie dem Tod von nahen Angeh\u00f6rigen, Trennungen, Arbeitsplatzverlusten etc.)\u00a0<\/li>\n\n\n\n<li>Posttraumatische Belastungsst\u00f6rungen\u00a0<\/li>\n\n\n\n<li>Angstst\u00f6rungen (Panikst\u00f6rungen, Generalisierte Angstst\u00f6rungen, Spezifische Phobien, Soziale Phobien)\u00a0<\/li>\n\n\n\n<li>Zwangsst\u00f6rungen (Zwangshandlungen\/ Zwangsgedanken)<\/li>\n\n\n\n<li>Essst\u00f6rungen (Magersucht, Bulimie, Binge-Eating)\u00a0<\/li>\n\n\n\n<li>Pers\u00f6nlichkeitsst\u00f6rungen\u00a0<\/li>\n\n\n\n<li>Sexuelle Probleme\u00a0<\/li>\n\n\n\n<li>Schlafst\u00f6rungen\u00a0<\/li>\n\n\n\n<li>Trauerbew\u00e4ltigung<\/li>\n\n\n\n<li>Psychosomatische Beschwerden<\/li>\n\n\n\n<li>Nachsorge bei Psychosen\u00a0<br><\/li>\n<\/ul>\n\n\n\n<p><strong>Ebenso unterst\u00fctze ich Sie, wenn Sie ein St\u00f6rgef\u00fchl haben, sich aber nicht sicher sind, ob eine Psychotherapie sinnvoll w\u00e4re.<\/strong><\/p>\n\n\n\n<p><br>Eine Behandlung kann ich nicht anbieten, wenn\u2026\u00a0<\/p>\n\n\n\n<ul class=\"wp-block-list\">\n<li>akute Eigen- oder Fremdgef\u00e4hrdung bestehen (akute Suizidalit\u00e4t),\u00a0<\/li>\n\n\n\n<li>bei Essst\u00f6rungen lebensbedrohliches Untergewicht vorliegt,\u00a0<\/li>\n\n\n\n<li>Suchterkrankungen oder aktueller Drogenkonsum (Alkohol, Cannabis, Kokain) besteht.\u00a0<\/li>\n<\/ul>\n\n\n\n<p>In den genannten F\u00e4llen ist vor der ambulanten Behandlung ein station\u00e4rer Aufenthalt angezeigt.<\/p>\n\n\n\n<h4 class=\"wp-block-heading\">Was ist denn eine kognitive Verhaltenstherapie?<\/h4>\n\n\n\n<p>Die kognitive Verhaltenstherapie ist eine der am besten erforschten psychotherapeutischen Methoden. Die eingesetzten Verfahren und therapeutischen Strategien sind in unz\u00e4hligen wissenschaftlichen Untersuchungen \u00fcberpr\u00fcft und in ihrer Wirksamkeit best\u00e4tigt worden. Die Verhaltenstherapie geht davon aus, dass Symptome einer psychischen St\u00f6rung das Ergebnis unbewusster und bewusster Prozesse sind. Zu Beginn der Behandlung steht bei uns eine ausf\u00fchrliche Diagnostik zur Erhebung ihrer Symptome und ihrer Entstehungsbedingungen (aktuell und in der Lebensgeschichte) und ihrer Aufrechterhaltungsfaktoren. Aus diesen Informationen erarbeiten wir dann Therapieziele. Gemeinsam werden wir versuchen, Ihr Handeln, Denken und damit auch das F\u00fchlen gezielt zu beeinflussen, immer unter besonderer Ber\u00fccksichtigung Ihrer Ressourcen, St\u00e4rken und F\u00e4higkeiten. <\/p>\n\n\n\n<p>Eine Psychotherapie kann Sie dabei unterst\u00fctzen,<\/p>\n\n\n\n<ul class=\"wp-block-list\">\n<li>psychische St\u00f6rungen und deren Hintergr\u00fcnde besser zu verstehen,<\/li>\n\n\n\n<li>Bew\u00e4ltigungsstrategien f\u00fcr belastende Symptome zu entwickeln,<\/li>\n\n\n\n<li>neue Verhaltens- und Denkweisen aufzubauen,<\/li>\n\n\n\n<li>die\u00a0eigenen Gef\u00fchle\u00a0besser\u00a0wahrzunehmen und zu regulieren,<\/li>\n\n\n\n<li>zwischenmenschliche Schwierigkeiten zu kl\u00e4ren,<\/li>\n\n\n\n<li>Konfliktl\u00f6sef\u00e4higkeiten\u00a0und selbstsicheres Verhalten zu verbessern,<\/li>\n\n\n\n<li>sich auf Ihre individuellen Lebensziele zu fokussieren,<\/li>\n\n\n\n<li>Ihnen nicht hilfreiche Gedanken\/ Gedankenfehler bewusst zu machen,<\/li>\n\n\n\n<li>Sie dabei zu unterst\u00fctzen, hilfreichere Gedanken zu entwickeln, um Verhalten zu \u00e4ndern.<\/li>\n<\/ul>\n\n\n\n<p class=\"has-medium-font-size\"><\/p>\n","protected":false},"excerpt":{"rendered":"<p>Schwerpunkte Bei mir erhalten Sie psychotherapeutische Hilfe aufgrund folgender Problembereiche:\u00a0 Ebenso unterst\u00fctze ich Sie, wenn Sie ein St\u00f6rgef\u00fchl haben, sich aber nicht sicher sind, ob eine Psychotherapie sinnvoll w\u00e4re. Eine Behandlung kann ich nicht anbieten, wenn\u2026\u00a0 In den genannten F\u00e4llen ist vor der ambulanten Behandlung ein station\u00e4rer Aufenthalt angezeigt. Was ist denn eine kognitive Verhaltenstherapie? [&hellip;]<\/p>\n","protected":false},"author":1,"featured_media":0,"parent":0,"menu_order":3,"comment_status":"closed","ping_status":"closed","template":"","meta":{"_monsterinsights_skip_tracking":false,"_monsterinsights_sitenote_active":false,"_monsterinsights_sitenote_note":"","_monsterinsights_sitenote_category":0,"footnotes":""},"class_list":["post-164","page","type-page","status-publish","hentry"],"aioseo_notices":[],"_links":{"self":[{"href":"https:\/\/www.ppt-hagen.de\/start\/wp-json\/wp\/v2\/pages\/164","targetHints":{"allow":["GET"]}}],"collection":[{"href":"https:\/\/www.ppt-hagen.de\/start\/wp-json\/wp\/v2\/pages"}],"about":[{"href":"https:\/\/www.ppt-hagen.de\/start\/wp-json\/wp\/v2\/types\/page"}],"author":[{"embeddable":true,"href":"https:\/\/www.ppt-hagen.de\/start\/wp-json\/wp\/v2\/users\/1"}],"replies":[{"embeddable":true,"href":"https:\/\/www.ppt-hagen.de\/start\/wp-json\/wp\/v2\/comments?post=164"}],"version-history":[{"count":33,"href":"https:\/\/www.ppt-hagen.de\/start\/wp-json\/wp\/v2\/pages\/164\/revisions"}],"predecessor-version":[{"id":683,"href":"https:\/\/www.ppt-hagen.de\/start\/wp-json\/wp\/v2\/pages\/164\/revisions\/683"}],"wp:attachment":[{"href":"https:\/\/www.ppt-hagen.de\/start\/wp-json\/wp\/v2\/media?parent=164"}],"curies":[{"name":"wp","href":"https:\/\/api.w.org\/{rel}","templated":true}]}}