{"id":23,"date":"2022-07-01T11:07:42","date_gmt":"2022-07-01T09:07:42","guid":{"rendered":"http:\/\/www.ppt-hagen.de\/?page_id=23"},"modified":"2026-01-29T09:23:19","modified_gmt":"2026-01-29T08:23:19","slug":"kontakt","status":"publish","type":"page","link":"https:\/\/www.ppt-hagen.de\/start\/kontakt\/","title":{"rendered":"Kontakt"},"content":{"rendered":"\n<h1 class=\"wp-block-heading has-x-large-font-size\">Kontakt<\/h1>\n\n\n\n<p><\/p>\n\n\n\n<p><\/p>\n\n\n\n<p><strong>Praxis f\u00fcr Psychologische Psychotherapie Hagen Boele<\/strong><br>Hilke Monschan M. Sc. <br>Dortmunder Str. 4 <br>58099 Hagen&nbsp;Boele  <br><a data-type=\"URL\" data-id=\"www.ppt-hagen.de\" href=\"http:\/\/www.ppt-hagen.de\">www.ppt-hagen.de <\/a><br>Tel.: <a data-type=\"URL\" data-id=\"tel\" href=\"http:\/\/tel\">02331-64030 <\/a><\/p>\n\n\n\n<p><strong>Achtung! Es werden keine neuen PatientInnen aufgenommen derzeit.<\/strong><\/p>\n\n\n\n<p>Bitte schreiben Sie keine vertraulichen Informationen, insbesondere Gesundheitsdaten, in eine unverschl\u00fcsselte E-Mail, sondern nutzen Sie die E-Mail nur zu einer ersten Kontaktaufnahme. <\/p>\n\n\n\n<p>M\u00f6chten Sie Frau Monschan direkt kontaktieren? <a href=\"mailto:Monschan@ppt-hagen.de\">Monschan@ppt-hagen.de<\/a><\/p>\n\n\n\n<p><\/p>\n\n\n\n<p><\/p>\n\n\n\n<h4 class=\"wp-block-heading\">Telefonische Sprechstunde<\/h4>\n\n\n\n<p>Sprechzeiten aktuell:<\/p>\n\n\n\n<p><\/p>\n\n\n\n<p>Montags 13 bis 14 Uhr. Telefonische Sprechstunde. Bitte ber\u00fccksichtigen Sie die Urlaubszeiten (immer aktuell auf dem Anrufbeantworter hinterlegt).<\/p>\n\n\n\n<p><\/p>\n\n\n\n<p><\/p>\n\n\n\n<p>Bitte teilen Sie bei Ihrer Anfrage Stichw\u00f6rter Ihres Behandlungsanlasses mit (z.B. berufliche Krise, Selbstwertprobleme, Depressionen, etc.), Ihre Telefonnummer und\/oder E-Mail-Adresse, sowie an welchen Wochentagen und zu welchen Uhrzeiten Sie Therapiesitzungen wahrnehmen k\u00f6nnten.<\/p>\n\n\n\n<h4 class=\"wp-block-heading\">Anreise<\/h4>\n\n\n\n<p>Nutzen Sie f\u00fcr Ihren Routenplaner gerne diesen Wegpunkt <br><a rel=\"noreferrer noopener\" href=\"https:\/\/www.google.de\/maps\/place\/Praxis+f%C3%BCr+Psychologische+Psychotherapie+Monschan+und+Sommerfeld\/@51.3967733,7.452751,15z\/data=!4m8!1m2!2m1!1smonschan+Dortmunder+Str.+4++58099+Hagen%C2%A0Boele!3m4!1s0xaf95b6a1d828af0d:0x958c6b8b7f06c8bb!8m2!3d51.3967745!4d7.4696598\" data-type=\"URL\" data-id=\"https:\/\/www.google.de\/maps\/place\/Praxis+f%C3%BCr+Psychologische+Psychotherapie+Monschan+und+Sommerfeld\/@51.3967733,7.452751,15z\/data=!4m8!1m2!2m1!1smonschan+Dortmunder+Str.+4++58099+Hagen%C2%A0Boele!3m4!1s0xaf95b6a1d828af0d:0x958c6b8b7f06c8bb!8m2!3d51.3967745!4d7.4696598\" target=\"_blank\">Praxis f\u00fcr Psychologische Psychotherapie Hagen Boele<\/a><\/p>\n\n\n\n<p><strong>Parkm\u00f6glichkeiten<\/strong> befinden sich im Umfeld ausreichend (Seitenstreifen, Boeler Markt, Edeka Parkplatz). Der Praxiseingang liegt auf der R\u00fcckseite des Hauses, im Innenhof. Die Praxis liegt im 1. Geschoss. Sie m\u00fcssen also mehrere Treppen hochgehen zun\u00e4chst. <\/p>\n\n\n\n<p>Auch, wenn Sie vielleicht fr\u00fcher vor Ort sind, bitten wir Sie,&nbsp;<strong>klingeln Sie bitte erst zu Beginn Ihrer psychotherapeutischen Sitzung<\/strong>. Der Hintergrund ist, dass wir die (vor Ihnen stattfindende) Sitzung ansonsten unterbrechen m\u00fcssen, um Ihnen den Zutritt zum Wartezimmer der Praxis zu erm\u00f6glichen. Hierdurch k\u00f6nnte ggf. der therapeutische Prozess gest\u00f6rt werden.<\/p>\n","protected":false},"excerpt":{"rendered":"<p>Kontakt Praxis f\u00fcr Psychologische Psychotherapie Hagen BoeleHilke Monschan M. Sc. Dortmunder Str. 4 58099 Hagen&nbsp;Boele www.ppt-hagen.de Tel.: 02331-64030 Achtung! Es werden keine neuen PatientInnen aufgenommen derzeit. Bitte schreiben Sie keine vertraulichen Informationen, insbesondere Gesundheitsdaten, in eine unverschl\u00fcsselte E-Mail, sondern nutzen Sie die E-Mail nur zu einer ersten Kontaktaufnahme. M\u00f6chten Sie Frau Monschan direkt kontaktieren? Monschan@ppt-hagen.de [&hellip;]<\/p>\n","protected":false},"author":1,"featured_media":0,"parent":0,"menu_order":4,"comment_status":"closed","ping_status":"closed","template":"","meta":{"_monsterinsights_skip_tracking":false,"_monsterinsights_sitenote_active":false,"_monsterinsights_sitenote_note":"","_monsterinsights_sitenote_category":0,"footnotes":""},"class_list":["post-23","page","type-page","status-publish","hentry"],"aioseo_notices":[],"_links":{"self":[{"href":"https:\/\/www.ppt-hagen.de\/start\/wp-json\/wp\/v2\/pages\/23","targetHints":{"allow":["GET"]}}],"collection":[{"href":"https:\/\/www.ppt-hagen.de\/start\/wp-json\/wp\/v2\/pages"}],"about":[{"href":"https:\/\/www.ppt-hagen.de\/start\/wp-json\/wp\/v2\/types\/page"}],"author":[{"embeddable":true,"href":"https:\/\/www.ppt-hagen.de\/start\/wp-json\/wp\/v2\/users\/1"}],"replies":[{"embeddable":true,"href":"https:\/\/www.ppt-hagen.de\/start\/wp-json\/wp\/v2\/comments?post=23"}],"version-history":[{"count":59,"href":"https:\/\/www.ppt-hagen.de\/start\/wp-json\/wp\/v2\/pages\/23\/revisions"}],"predecessor-version":[{"id":712,"href":"https:\/\/www.ppt-hagen.de\/start\/wp-json\/wp\/v2\/pages\/23\/revisions\/712"}],"wp:attachment":[{"href":"https:\/\/www.ppt-hagen.de\/start\/wp-json\/wp\/v2\/media?parent=23"}],"curies":[{"name":"wp","href":"https:\/\/api.w.org\/{rel}","templated":true}]}}