{"id":279,"date":"2022-07-04T20:20:05","date_gmt":"2022-07-04T18:20:05","guid":{"rendered":"https:\/\/www.ppt-hagen.de\/start\/?page_id=279"},"modified":"2024-04-28T12:56:42","modified_gmt":"2024-04-28T10:56:42","slug":"ablauf","status":"publish","type":"page","link":"https:\/\/www.ppt-hagen.de\/start\/ablauf\/","title":{"rendered":"Ablauf und Kosten einer Psychotherapie"},"content":{"rendered":"\n<h1 class=\"wp-block-heading has-x-large-font-size\">Ablauf und Kosten<\/h1>\n\n\n\n<h2 class=\"wp-block-heading has-large-font-size\">Ablauf der Therapie<\/h2>\n\n\n\n<p class=\"has-medium-font-size\">Nachdem Sie sich f\u00fcr eine Psychotherapie bei mir entschieden und mich \u00fcber E-Mail oder Telefon kontaktiert haben, vereinbaren wir zun\u00e4chst ein <strong>Erstgespr\u00e4ch<\/strong>\/ eine <strong>Sprechstundensitzung<\/strong>. In dieser ersten Kennenlernsitzung geht es um Ihre Erwartungen an die Therapie und Ihre vordergr\u00fcndigen Probleme. In der Regel k\u00f6nnen Termine f\u00fcr Erstgespr\u00e4che zeitnah vergeben werden.<br><br><strong>Vor Beginn der Therapie<\/strong>&nbsp;finden bis zu drei psychotherapeutische Sprechstunden und zwei probatorische Sitzungen statt. Ziele dieser&nbsp;<strong>Sitzungen<\/strong>&nbsp;sind, dass ich mir zum einen ein Bild \u00fcber Ihre Beschwerden, Ihre Probleme, deren m\u00f6gliche Entstehungsgeschichte und Ihre pers\u00f6nliche Lebenssituation machen kann, um zu entscheiden, welche therapeutischen Schritte denkbar sind und ob eine Erfolg versprechende Zusammenarbeit erwartet werden kann (je nach ihren Ver\u00e4nderungszielen). Zum anderen k\u00f6nnen Sie Ihre Therapieentscheidung und Ihre Therapeutenentscheidung \u00fcberpr\u00fcfen, ob es auch f\u00fcr Sie passt.&nbsp; <br><br>Im Anschluss findet dann die Therapie statt. Eine <strong>Kurzzeittherapie<\/strong> dauert bis zu 24 Stunden (KZT 1 12 Sitzungen, KZT 2 12 Sitzungen), eine <strong>Langzeittherapie <\/strong>umfasst in der Regel 60 Stunden (Beantragung weiterer 36 Sitzungen).<\/p>\n\n\n\n<p class=\"has-medium-font-size\">Eine psychotherapeutische Sitzung dauert in der Regel 50 min., ggf. machen Doppelsitzungen auch Sinn. In welcher Frequenz wir uns sehen \u2013 z.B. w\u00f6chentlich oder 14-t\u00e4gig &#8211; legen wir gemeinsam fest und passen dies flexibel dem Behandlungsverlauf an. <br><\/p>\n\n\n\n<p><strong>Gruppentherapien<\/strong><\/p>\n\n\n\n<p>Ich biete ebenso Gruppentherapien bzw Kombinationstherapien an (aus Einzel-und Gruppentherapien). Hiermit habe ich sehr gute Erfahrungen gemacht. Die Therapiegruppen bestehen aus maximal 9 PatientInnen und eine Gruppensitzung dauert 100 min. In einem Vorgespr\u00e4ch pr\u00fcfen wir gerne, ob ich Sie in einer unserer Gruppen einbinden kann.<\/p>\n\n\n\n<h2 class=\"wp-block-heading has-large-font-size\">Kosten der Therapie<\/h2>\n\n\n\n<p>Informationen zu den Kosten und Kostentr\u00e4gern k\u00f6nnen Sie den folgenden Punkten entsprechend Ihres Versichertenstatus entnehmen.<\/p>\n\n\n\n<div class=\"wp-block-group is-layout-flow wp-block-group-is-layout-flow\">\n<div class=\"wp-block-kadence-accordion alignnone\"><div class=\"kt-accordion-wrap kt-accordion-id279_0abc30-9a kt-accordion-has-3-panes kt-active-pane-0 kt-accordion-block kt-pane-header-alignment-left kt-accodion-icon-style-arrow kt-accodion-icon-side-right\" style=\"max-width:none\"><div class=\"kt-accordion-inner-wrap\" data-allow-multiple-open=\"false\" data-start-open=\"none\">\n<div class=\"wp-block-kadence-pane kt-accordion-pane kt-accordion-pane-1 kt-pane279_9edce7-84\"><div class=\"kt-accordion-header-wrap\"><button class=\"kt-blocks-accordion-header kt-acccordion-button-label-show\"><span class=\"kt-blocks-accordion-title-wrap\"><span class=\"kt-blocks-accordion-title\">Gesetzlich versichert<\/span><\/span><span class=\"kt-blocks-accordion-icon-trigger\"><\/span><\/button><\/div><div class=\"kt-accordion-panel kt-accordion-panel-hidden\"><div class=\"kt-accordion-panel-inner\">\n<p><strong>Gesetzliche Krankenkassen<\/strong>&nbsp;\u00fcbernehmen die Kosten f\u00fcr eine Psychotherapie, sofern diese der Behandlung einer psychischen Erkrankung dient. Eine Zuzahlung durch den Versicherten oder eine \u00dcberweisung durch einen Arzt ist nicht notwendig. Die Abrechnung erfolgt \u00fcber die elektronische Gesundheitskarte.<\/p>\n\n\n\n<p><strong>Sprechstunde<br><\/strong>Die Sprech\u00adstunde gilt nicht als Therapie, ist aber immer der erste Schritt und die Voraus\u00adsetzung&nbsp;daf\u00fcr, dass Versicherte eine Psycho\u00adtherapie oder Akut-behand\u00adlung erhalten.<\/p>\n\n\n\n<p>Um eine Akutbehandlung oder die probatorischen Sitzungen (lesen Sie jeweils weiter unten) aufnehmen zu d\u00fcrfen, bedarf es&nbsp;<strong>50 Minuten durchgef\u00fchrter Sprechstunde<\/strong>.<\/p>\n\n\n\n<p>Diese Sprechstunde k\u00f6nnen Sie bei uns, aber auch bei allen anderen Therapeuten auf Terminanfrage absolvieren. Zudem finden Sie bei der&nbsp;<a href=\"https:\/\/www.kvwl.de\/buerger\/terminservice-stelle-tss\" target=\"_blank\" rel=\"noopener\" title=\"\">Terminservicestelle der Kassen\u00e4rztlichen Vereinigung Westfalen-Lippe<\/a>&nbsp;bzw. dem&nbsp;<a href=\"https:\/\/www.eterminservice.de\/terminservice\" target=\"_blank\" rel=\"noopener\" title=\"e-Terminservice\">e-Terminservice<\/a> eine\/n Psychotherapeuten oder -therapeutin mit zeitnahen Terminen f\u00fcr eine Sprechstunde.<\/p>\n\n\n\n<p>Die Sprechstunde dient der&nbsp;<strong>Abkl\u00e4rung<\/strong>, welche weitere Versorgung f\u00fcr Ihr Anliegen das passende ist. Manchmal ist es hilfreich, \u00fcber m\u00f6gliche unterst\u00fctzende Ma\u00dfnahmen der gesetzlichen Versicherung, aber auch der Rentenversicherung informiert zu werden. Nach der Sprechstunde erhalten Sie ggf. einen Nachweis (PTV 11), den Sie zum Start einer Therapie bitte mitbringen.<\/p>\n\n\n\n<p><strong>Ein Termin zu einer Sprechstunde in einer Praxis bedeutet leider nicht, dass Sie automatisch einen Platz f\u00fcr eine Therapie in dieser Praxis erhalten.<\/strong>&nbsp;Eine Sprechstunde ist ein vom Gesetzgeber vorgeschriebenes Angebot, dass Sie in einer Praxis wahrnehmen, um zun\u00e4chst den Bedarf an Psychotherapie zu kl\u00e4ren. Aus dieser Sprechstunde ergeben sich die n\u00e4chsten m\u00f6gliche Schritte.<\/p>\n\n\n\n<p><strong>Akutbehandlung<br><\/strong>Den Patienten, die in einer schweren psychischen Krise stecken und eine ambulante Betreuung ben\u00f6tigen, k\u00f6nnen \u00fcber die Akutbehandlung\u00ad bis zu zw\u00f6lf Therapie\u00adstunden angeboten werden \u2013 ohne Antrag bei der Kasse.&nbsp;Voraussetzung&nbsp;ist die Feststellung des Bedarfs f\u00fcr Akutbehandlung in der Sprechstunde. Offene Akut-Pl\u00e4tze k\u00f6nnen Versicherte selbst oder \u00fcber die&nbsp;<a href=\"https:\/\/www.kvwl.de\/arzt\/kv_dienste\/terminservice\/index.htm\" target=\"_blank\" rel=\"noreferrer noopener\">Terminservicestelle der Kassen\u00e4rztlichen Vereinigung Westfalen-Lippe<\/a>&nbsp;bzw. den&nbsp;<a href=\"https:\/\/www.eterminservice.de\/terminservice\" target=\"_blank\" rel=\"noopener\" title=\"e-Terminservice\">e-Terminservice<\/a>&nbsp;suchen.<\/p>\n\n\n\n<p><strong>Probatorik bzw. Probesitzungen<br><\/strong>Einer Sprech\u00adstunde oder Akut\u00adhilfe kann eine umfassende Psycho\u00adtherapie folgen. Bevor diese jedoch beantragt wird, dienen&nbsp;<strong>mindestens zwei<\/strong>&nbsp;bis maximal vier Probesitzungen je 50 Minuten dazu, Ihnen die M\u00f6glichkeit zu bieten, zu pr\u00fcfen, ob Sie und die Therapeutin auch zusammen arbeiten k\u00f6nnen. Zudem helfen diese Sitzungen&nbsp;alle n\u00f6tigen Informationen f\u00fcr die Beantragung der Psychotherapie&nbsp;bei der Krankenkasse zu sammeln.&nbsp;<\/p>\n\n\n\n<p><strong>Psychotherapie<br><\/strong>Wenn alle n\u00f6tigen Informationen gesammelt und der Bedarf f\u00fcr eine Psychotherapie festgestellt wurde, wird die Psychotherapie bei Ihrer Krankenkasse durch uns Psychotherapeutinnen beantragt. Dabei gibt es die Unterscheidung zwischen&nbsp;<strong>Kurzzeittherapie<\/strong>&nbsp;und&nbsp;<strong>Langzeittherapie<\/strong>. Es wird jeweils individuell orientiert an Ihrem pers\u00f6nlichen Anliegen entschieden, ob zun\u00e4chst eine Kurzzeit- oder Langzeittherapie beantragt wird.<\/p>\n\n\n\n<ul class=\"wp-block-list\">\n<li>Kurzzeittherapie:&nbsp;Besteht aus maximal 24 Sitzungen je 50 Minuten. Der Umfang von 24 Sitzungen wird durch die Krankenkasse gestaffelt mit 2 x 12 Sitzungen (KZT 1 und KZT 2) auf Antrag durch die Therapeutin bewilligt.<\/li>\n\n\n\n<li>Langzeittherapie:&nbsp;Besteht aus 60 Sitzungen je 50 Minuten und kann auf bis zu 80 Sitzungen durch einen Antrag fortgef\u00fchrt werden. Die Sitzungen einer durchgef\u00fchrten Kurzzeittherapie sind in diesem Kontingent enthalten.&nbsp;<\/li>\n<\/ul>\n<\/div><\/div><\/div>\n\n\n\n<div class=\"wp-block-kadence-pane kt-accordion-pane kt-accordion-pane-2 kt-pane279_64bf22-d6\"><div class=\"kt-accordion-header-wrap\"><button class=\"kt-blocks-accordion-header kt-acccordion-button-label-show\"><span class=\"kt-blocks-accordion-title-wrap\"><span class=\"kt-blocks-accordion-title\">Privat, Beihilfe &amp; Heilf\u00fcrsorge<\/span><\/span><span class=\"kt-blocks-accordion-icon-trigger\"><\/span><\/button><\/div><div class=\"kt-accordion-panel kt-accordion-panel-hidden\"><div class=\"kt-accordion-panel-inner\">\n<p>In unserer Praxis ist die Psychotherapie f\u00fcr privat Versicherte, sowie Angeh\u00f6rige der Beihilfe bzw. Heilf\u00fcrsorge m\u00f6glich.&nbsp;<\/p>\n\n\n\n<h2 class=\"wp-block-heading\">Private Krankenversicherung<\/h2>\n\n\n\n<p>Die private Krankenkasse \u00fcbernimmt die Kosten f\u00fcr eine ambulante Psychotherapie&nbsp; i.d.R. problemlos. Es h\u00e4ngt jedoch von Ihrem&nbsp;individuellen Vertrag&nbsp;ab, welche Anzahl an Sitzungen erstattet werden und in welcher H\u00f6he dies geschieht. <\/p>\n\n\n\n<p><strong>Probatorik bzw. Probesitzungen<br><\/strong>Nachdem Sie mit einer Therapeutin ein Erstgespr\u00e4ch vereinbart haben, haben wir&nbsp;in der Regel die M\u00f6glichkeit, <strong>f\u00fcnf Probesitzungen<\/strong>&nbsp;und eine Sitzung zur weiteren Erfassung der Lebensgeschichte durchzuf\u00fchren. Diese Sitzungen bieten Ihnen die M\u00f6glichkeit zu pr\u00fcfen, ob Sie und die Therapeutin auch zusammen arbeiten k\u00f6nnen. Zudem helfen diese Sitzungen&nbsp;alle n\u00f6tigen Informationen f\u00fcr die Beantragung der Psychotherapie&nbsp;zu sammeln.&nbsp;<\/p>\n\n\n\n<p>Erkundigen Sie sich am Besten zuvor schon bei Ihrer privaten Krankenversicherung, inwieweit die Kosten \u00fcbernommen werden und ob f\u00fcr die Kosten\u00fcbernahme zus\u00e4tzliche Dokumente eingereicht werden m\u00fcssen. In den meisten F\u00e4llen ist die \u00dcbernahme der Kosten durch die private Krankenversicherung m\u00f6glich.&nbsp;Wie bei allen \u00e4rztlichen und therapeutischen Leistungen, die Sie als Privatpatient in Anspruch nehmen, stellen wir Ihnen die von uns erbrachten Leistungen gem\u00e4\u00df&nbsp;<strong>Geb\u00fchrenordnung f\u00fcr \u00c4rzte und Psychotherapeuten<\/strong>&nbsp;(GO\u00c4\/GOP) privat in Rechnung.&nbsp;<\/p>\n\n\n\n<p><strong>Psychotherapie<br><\/strong>Wenn alle n\u00f6tigen Informationen gesammelt und der Bedarf f\u00fcr eine Psychotherapie festgestellt wurde, wird die Psychotherapie bei Ihrer Krankenkasse durch uns Psychotherapeutinnen beantragt. In der Regel erhalten wir f\u00fcr die Therapie bis zu 60 Sitzungen je 50 Minuten. Diese k\u00f6nnen auf bis zu 80 Sitzungen durch einen Antrag verl\u00e4ngert werden.&nbsp;<\/p>\n\n\n\n<h2 class=\"wp-block-heading\">Beihilfe<\/h2>\n\n\n\n<p>Die Beihilfe sowie die \u00fcberwiegende Anzahl der zusch\u00fcssigen privaten Krankenversicherungstr\u00e4ger erstatten die Kosten f\u00fcr eine psychotherapeutische Behandlung mit umfassender Diagnostik in voller H\u00f6he.&nbsp;<strong>Bitte fordern Sie bei ihrer zust\u00e4ndigen Beihilfestelle die erforderlichen Formulare zur Beantragung einer Psychotherapie an.<\/strong><\/p>\n\n\n\n<p><strong>Probatorik bzw. Probesitzungen<br><\/strong>Nachdem Sie mit einer Therapeutin ein Erstgespr\u00e4ch vereinbart haben, haben wir&nbsp;in der Regel die M\u00f6glichkeit<strong> f\u00fcnf Probesitzungen<\/strong>&nbsp;und eine Sitzung zur weiteren Erfassung der Lebensgeschichte durchzuf\u00fchren. Diese Sitzungen bieten Ihnen die M\u00f6glichkeit zu pr\u00fcfen, ob Sie und die Therapeutin auch zusammen arbeiten k\u00f6nnen. Zudem helfen diese Sitzungen&nbsp;alle n\u00f6tigen Informationen f\u00fcr die Beantragung der Psychotherapie&nbsp;zu sammeln.&nbsp;<\/p>\n\n\n\n<p><strong>In diesen Sitzungen geben Sie die von Ihnen bei der zust\u00e4ndigen Beihilfestelle angeforderten Unterlagen ab<\/strong>, damit die Therapeutin die Therapie beantragen kann.&nbsp;Wie bei allen \u00e4rztlichen und therapeutischen Leistungen, die Sie als Privatpatient in Anspruch nehmen, stellen wir Ihnen die von uns erbrachten Leistungen gem\u00e4\u00df&nbsp;<strong>Geb\u00fchrenordnung f\u00fcr \u00c4rzte und Psychotherapeuten<\/strong>&nbsp;(GO\u00c4\/GOP) privat in Rechnung, welche Sie dann bei Beihilfe bzw. privaten Versicherung einreichen.&nbsp;&nbsp;<\/p>\n\n\n\n<p><strong>Psychotherapie<br><\/strong>Wenn alle n\u00f6tigen Informationen gesammelt und der Bedarf f\u00fcr eine Psychotherapie festgestellt wurde, wird die Psychotherapie bei Ihrer Krankenkasse durch uns Psychotherapeutinnen beantragt. In der Regel erhalten wir f\u00fcr die Therapie bis zu 60 Sitzungen je 50 Minuten. Diese k\u00f6nnen auf bis zu 80 Sitzungen durch einen Antrag verl\u00e4ngert werden.&nbsp;<\/p>\n\n\n\n<h2 class=\"wp-block-heading\">Heilf\u00fcrsorge<\/h2>\n\n\n\n<p>Die freie Heilf\u00fcrsorge erhalten Polizeivollzugsbeamte, Vollzugsbeamte des Bundesgrenzschutzes, Beamte im Einsatzdienst der Berufsfeuerwehren und bei Landesfeuerwehrschulen, Beamte, die in Justizvollzugsanstalten besch\u00e4ftigt sind, und Zivildienstleistende, die ihren Dienst innerhalb der Bundesrepublik verrichten.<\/p>\n\n\n\n<p>Als&nbsp;<strong>Soldat\/in der Bundeswehr<\/strong>&nbsp;haben Sie Anspruch auf unentgeltliche truppen\u00e4rztliche Versorgung. Sie d\u00fcrfen aber auch per \u00dcberweisung des Truppenarztes bei einem niedergelassenen Psychotherapeut die Therapie durchf\u00fchren.&nbsp;<strong>Bitte bringen Sie zum Erstgespr\u00e4ch eine \u00dcberweisung durch Ihren Truppenarzt sowie den Sanit\u00e4tsvordruck \u201eKosten\u00fcbernahmeerkl\u00e4rung (San\/Bw\/0218)\u201c mit.<\/strong>&nbsp;<\/p>\n\n\n\n<p><strong>Probatorik bzw. Probesitzungen<br><\/strong>Nachdem Sie mit einer Therapeutin ein Erstgespr\u00e4ch vereinbart haben, haben wir&nbsp;<strong>i<\/strong>n der Regel die M\u00f6glichkeit<strong> f\u00fcnf Probesitzungen<\/strong>&nbsp;und eine Sitzung zur weiteren Erfassung der Lebensgeschichte durchzuf\u00fchren. Diese Sitzungen bieten Ihnen die M\u00f6glichkeit zu pr\u00fcfen, ob Sie und die Therapeutin auch zusammen arbeiten k\u00f6nnen. Zudem helfen diese Sitzungen&nbsp;alle n\u00f6tigen Informationen f\u00fcr die Beantragung der Psychotherapie&nbsp;zu sammeln.&nbsp;<\/p>\n\n\n\n<p><strong>Psychotherapie<br><\/strong>Wenn alle n\u00f6tigen Informationen gesammelt und der Bedarf f\u00fcr eine Psychotherapie festgestellt wurde, wird die Psychotherapie bei der entsprechenden Heilf\u00fcrsorgestelle durch uns Psychotherapeutinnen beantragt. In der Regel erhalten wir zun\u00e4chst 25 Sitzungen je 50 Minuten. Diese k\u00f6nnen um weitere 25 Sitzungen durch einen Antrag verl\u00e4ngert werden.&nbsp;<\/p>\n<\/div><\/div><\/div>\n\n\n\n<div class=\"wp-block-kadence-pane kt-accordion-pane kt-accordion-pane-3 kt-pane279_158871-4b\"><div class=\"kt-accordion-header-wrap\"><button class=\"kt-blocks-accordion-header kt-acccordion-button-label-show\"><span class=\"kt-blocks-accordion-title-wrap\"><span class=\"kt-blocks-accordion-title\">Selbstzahler<\/span><\/span><span class=\"kt-blocks-accordion-icon-trigger\"><\/span><\/button><\/div><div class=\"kt-accordion-panel kt-accordion-panel-hidden\"><div class=\"kt-accordion-panel-inner\">\n<p>Es besteht die M\u00f6glichkeit, die Kosten einer Psychotherapie selbst zu tragen.<\/p>\n\n\n\n<p>Sofern Sie Ihre Therapie selbst bezahlen, erf\u00e4hrt die Krankenkasse nichts davon und es erfolgt keine Diagnosestellung bei Ihrer Kasse. Dies kann insbesondere dann sinnvoll sein, wenn Sie bestimmte Versicherungen abschlie\u00dfen m\u00f6chten (wie z.B. eine Berufsunf\u00e4higkeitsversicherung, Lebensversicherung o.\u00e4.).<\/p>\n\n\n\n<p>Wir rechnen Honorare nach der&nbsp;<strong>Geb\u00fchrenordnung<\/strong>&nbsp;f\u00fcr Psychotherapeuten (GOP\/GO\u00c4) ab.<\/p>\n\n\n\n<p>Die Kosten f\u00fcr selbstgezahlte Behandlungen sind als au\u00dfergew\u00f6hnliche Belastungen i.d.R. steuerlich absetzbar.<\/p>\n<\/div><\/div><\/div>\n<\/div><\/div><\/div>\n<\/div>\n","protected":false},"excerpt":{"rendered":"<p>Ablauf und Kosten Ablauf der Therapie Nachdem Sie sich f\u00fcr eine Psychotherapie bei mir entschieden und mich \u00fcber E-Mail oder Telefon kontaktiert haben, vereinbaren wir zun\u00e4chst ein Erstgespr\u00e4ch\/ eine Sprechstundensitzung. In dieser ersten Kennenlernsitzung geht es um Ihre Erwartungen an die Therapie und Ihre vordergr\u00fcndigen Probleme. In der Regel k\u00f6nnen Termine f\u00fcr Erstgespr\u00e4che zeitnah vergeben [&hellip;]<\/p>\n","protected":false},"author":1,"featured_media":0,"parent":0,"menu_order":0,"comment_status":"closed","ping_status":"closed","template":"","meta":{"_monsterinsights_skip_tracking":false,"_monsterinsights_sitenote_active":false,"_monsterinsights_sitenote_note":"","_monsterinsights_sitenote_category":0,"footnotes":""},"class_list":["post-279","page","type-page","status-publish","hentry"],"aioseo_notices":[],"_links":{"self":[{"href":"https:\/\/www.ppt-hagen.de\/start\/wp-json\/wp\/v2\/pages\/279","targetHints":{"allow":["GET"]}}],"collection":[{"href":"https:\/\/www.ppt-hagen.de\/start\/wp-json\/wp\/v2\/pages"}],"about":[{"href":"https:\/\/www.ppt-hagen.de\/start\/wp-json\/wp\/v2\/types\/page"}],"author":[{"embeddable":true,"href":"https:\/\/www.ppt-hagen.de\/start\/wp-json\/wp\/v2\/users\/1"}],"replies":[{"embeddable":true,"href":"https:\/\/www.ppt-hagen.de\/start\/wp-json\/wp\/v2\/comments?post=279"}],"version-history":[{"count":33,"href":"https:\/\/www.ppt-hagen.de\/start\/wp-json\/wp\/v2\/pages\/279\/revisions"}],"predecessor-version":[{"id":676,"href":"https:\/\/www.ppt-hagen.de\/start\/wp-json\/wp\/v2\/pages\/279\/revisions\/676"}],"wp:attachment":[{"href":"https:\/\/www.ppt-hagen.de\/start\/wp-json\/wp\/v2\/media?parent=279"}],"curies":[{"name":"wp","href":"https:\/\/api.w.org\/{rel}","templated":true}]}}