{"id":502,"date":"2022-07-30T14:12:17","date_gmt":"2022-07-30T12:12:17","guid":{"rendered":"https:\/\/www.ppt-hagen.de\/start\/?page_id=502"},"modified":"2024-10-02T20:58:22","modified_gmt":"2024-10-02T18:58:22","slug":"impressum","status":"publish","type":"page","link":"https:\/\/www.ppt-hagen.de\/start\/impressum\/","title":{"rendered":"Impressum"},"content":{"rendered":"\n<h1 class=\"wp-block-heading has-x-large-font-size\">Impressum<\/h1>\n\n\n\n<p>Die Adresse der Website ist: <a href=\"https:\/\/www.ppt-hagen.de\">https:\/\/www.ppt-hagen.de<\/a>. Dieses Angebot unterst\u00fctzt den gesicherten Zugriff \u00fcber das HTTPS-Protokoll.<\/p>\n\n\n\n<h5 class=\"wp-block-heading\">Verantwortliche Anbieterin<\/h5>\n\n\n\n<p>Hilke Monschan M. Sc. <br>Dortmunder Str. 4 <br>58099 Hagen&nbsp;Boele<br><a data-type=\"URL\" data-id=\"www.ppt-hagen.de\" href=\"http:\/\/www.ppt-hagen.de\">www.ppt-hagen.de<\/a> <br>Tel.: <a data-type=\"URL\" data-id=\"tel\" href=\"http:\/\/tel\">02331-64030&nbsp;<\/a> <br>Fax: <a data-type=\"URL\" data-id=\"fax\" href=\"http:\/\/fax\">02331-3067005<\/a><\/p>\n\n\n\n<p><\/p>\n\n\n\n<h5 class=\"wp-block-heading\">Gesetzliche Berufsbezeichnung<\/h5>\n\n\n\n<p>Approbation als Psychologische Psychotherapeutin gem. \u00a72 des Psychotherapeutengesetzes (verliehen in der Bundesrepublik Deutschland, NRW)<\/p>\n\n\n\n<p>Die Approbation durch die Bezirksregierung Arnsberg berechtigt Frau M. Sc. Monschan durch die Bezirksregierung Arnsberg zur Aus\u00fcbung der heilkundlichen Psychotherapie im Sinne des \u00a71 Abs. 3 satz 1 in Verbindung mit Abs. 2 des Psychotherapeutengesetzes.<\/p>\n\n\n\n<h5 class=\"wp-block-heading\">Steuerliche Angaben<\/h5>\n\n\n\n<p>Gem\u00e4\u00df \u00a7 4 Nr. 14 Umsatzsteuergesetz sind psychotherapeutische Leistungen heilberuflich und somit steuerbefreit.<\/p>\n\n\n\n<p>Betriebsst\u00e4ttennummer 186979000<\/p>\n\n\n\n<h5 class=\"wp-block-heading\">Berufsrechtliche Regelungen<\/h5>\n\n\n\n<p>Gesetz \u00fcber die Berufe des psychologischen Psychotherapeuten<br>PsychThG vom 16.06.1998 (BGBl.I S.1311), zuletzt ge\u00e4ndert am 06.12.2011 (BGBl.I S.2515), abrufbar \u00fcber <a href=\"https:\/\/www.bgbl.de\/xaver\/bgbl\/start.xav?start=%2F%2F*%5B%40attr_id%3D%27bgbl198s1311.pdf%27%5D#__bgbl__%2F%2F*%5B%40attr_id%3D%27bgbl198s1311.pdf%27%5D__1656924271789\" target=\"_blank\" rel=\"noreferrer noopener\">Bundesgesetzblatt (bgbl.de)<\/a><\/p>\n\n\n\n<p>Heilberufsgesetz (HeilBerG) vom 9. Mai 2000 (Fn&nbsp;<a href=\"https:\/\/recht.nrw.de\/lmi\/owa\/br_text_anzeigen?v_id=10000000000000000065#FN1\">1<\/a>), abrufbar \u00fcber <a href=\"https:\/\/recht.nrw.de\/lmi\/owa\/br_text_anzeigen?v_id=10000000000000000065\" target=\"_blank\" rel=\"noreferrer noopener\">SGV Inhalt : Heilberufsgesetz (HeilBerG) | RECHT.NRW.DE<\/a> <\/p>\n\n\n\n<p>Berufsordnung der Kammer f\u00fcr Psychologische Psychotherapeuten und<br>Kinder- und Jugendlichenpsychotherapeuten Nordrhein-Westfalen, abrufbar \u00fcber <a href=\"https:\/\/www.ptk-nrw.de\/fileadmin\/user_upload\/downloads\/02_kammer\/recht\/Berufsordnung_06-09-2014_2.pdf\" target=\"_blank\" rel=\"noreferrer noopener\">2016-07-07 an Verf\u00fcgung angepasst 14_09_05 Berufsordnung PTK NRW_konsoldierte Fassung_g\u00fcltig ab 06.09.2014_NV_sl (ptk-nrw.de)<\/a><\/p>\n\n\n\n<h5 class=\"wp-block-heading\">Zust\u00e4ndige Berufskammer<\/h5>\n\n\n\n<p>Psychotherapeutenkammer Nordrhein-Westfalen<br>Willst\u00e4tterstra\u00dfe 10<br>40549 D\u00fcsseldorf<br>Tel.: <a href=\"http:\/\/tel\" data-type=\"URL\" data-id=\"tel\">0211-522847-0<\/a><br>E-Mail:&nbsp;<a href=\"http:\/\/mail\" data-type=\"URL\" data-id=\"mail\">info@ptk-nrw.de<\/a><\/p>\n\n\n\n<h5 class=\"wp-block-heading\">Zust\u00e4ndige Aufsichtsbeh\u00f6rde gem. \u00a75 Nr. 3 TMG<\/h5>\n\n\n\n<p>Kassen\u00e4rztliche Vereinigung Westfalen-Lippe<br>K\u00f6rperschaft des \u00f6ffentlichen Rechts<br>Robert-Schimrigk-Str. 4-6<br>44141 Dortmund <br>Tel.: <a href=\"http:\/\/tel\" data-type=\"URL\" data-id=\"tel\">0231-94 32 0<\/a><br>E-Mail: <a href=\"mailto:info@kvwl.de-mail.de\">info@kvwl.de-mail.de<\/a><\/p>\n\n\n\n<h5 class=\"wp-block-heading\">Zust\u00e4ndige Aufsichtsbeh\u00f6rde (approbationsrechtlich)\/zust\u00e4ndige Bezirksregierung<\/h5>\n\n\n\n<p>Bezirksregierung Arnsberg<br>Seibertzstr. 1<br>59821 Arnsberg<br>Tel.: <a href=\"tel:+492931820\">02931-820<\/a><br>E-Mail: <a href=\"mailto:poststelle@bra.sec.nrw.de\">poststelle@bra.sec.nrw.de<\/a><\/p>\n\n\n\n<p><strong>WEBMASTER<\/strong><\/p>\n\n\n\n<p>Webservice Sand &#8211; Helen Sand<br><a href=\"https:\/\/webservice-sand.de\" target=\"_blank\" rel=\"noopener sponsored\" title=\"\">https:\/\/webservice-sand.de<\/a><\/p>\n","protected":false},"excerpt":{"rendered":"<p>Impressum Die Adresse der Website ist: https:\/\/www.ppt-hagen.de. Dieses Angebot unterst\u00fctzt den gesicherten Zugriff \u00fcber das HTTPS-Protokoll. Verantwortliche Anbieterin Hilke Monschan M. Sc. Dortmunder Str. 4 58099 Hagen&nbsp;Boelewww.ppt-hagen.de Tel.: 02331-64030&nbsp; Fax: 02331-3067005 Gesetzliche Berufsbezeichnung Approbation als Psychologische Psychotherapeutin gem. \u00a72 des Psychotherapeutengesetzes (verliehen in der Bundesrepublik Deutschland, NRW) Die Approbation durch die Bezirksregierung Arnsberg berechtigt Frau [&hellip;]<\/p>\n","protected":false},"author":2,"featured_media":0,"parent":0,"menu_order":0,"comment_status":"closed","ping_status":"closed","template":"","meta":{"_monsterinsights_skip_tracking":false,"_monsterinsights_sitenote_active":false,"_monsterinsights_sitenote_note":"","_monsterinsights_sitenote_category":0,"footnotes":""},"class_list":["post-502","page","type-page","status-publish","hentry"],"aioseo_notices":[],"_links":{"self":[{"href":"https:\/\/www.ppt-hagen.de\/start\/wp-json\/wp\/v2\/pages\/502","targetHints":{"allow":["GET"]}}],"collection":[{"href":"https:\/\/www.ppt-hagen.de\/start\/wp-json\/wp\/v2\/pages"}],"about":[{"href":"https:\/\/www.ppt-hagen.de\/start\/wp-json\/wp\/v2\/types\/page"}],"author":[{"embeddable":true,"href":"https:\/\/www.ppt-hagen.de\/start\/wp-json\/wp\/v2\/users\/2"}],"replies":[{"embeddable":true,"href":"https:\/\/www.ppt-hagen.de\/start\/wp-json\/wp\/v2\/comments?post=502"}],"version-history":[{"count":6,"href":"https:\/\/www.ppt-hagen.de\/start\/wp-json\/wp\/v2\/pages\/502\/revisions"}],"predecessor-version":[{"id":686,"href":"https:\/\/www.ppt-hagen.de\/start\/wp-json\/wp\/v2\/pages\/502\/revisions\/686"}],"wp:attachment":[{"href":"https:\/\/www.ppt-hagen.de\/start\/wp-json\/wp\/v2\/media?parent=502"}],"curies":[{"name":"wp","href":"https:\/\/api.w.org\/{rel}","templated":true}]}}