{"id":70,"date":"2022-07-01T12:13:24","date_gmt":"2022-07-01T10:13:24","guid":{"rendered":"http:\/\/www.ppt-hagen.de\/start\/?page_id=70"},"modified":"2022-07-30T14:55:12","modified_gmt":"2022-07-30T12:55:12","slug":"datenschutz","status":"publish","type":"page","link":"https:\/\/www.ppt-hagen.de\/start\/datenschutz\/","title":{"rendered":"Datenschutz"},"content":{"rendered":"\n<h3 class=\"wp-block-heading\">Datenschutzerkl\u00e4rung<\/h3>\n\n\n\n<p>Verantwortlich f\u00fcr die Homepage: Hilke Monschan M. Sc.<\/p>\n\n\n\n<p>Die Nutzung der Webseite ist ohne Angabe personenbezogener Daten m\u00f6glich. Wir erheben auf unseren Seiten keine personenbezogenen Daten (beispielsweise Name, Anschrift oder E-Mail-Adressen). Ihre auf anderem Wege (Telefon, Brief, Gespr\u00e4ch) uns mitgeteilten pers\u00f6nlichen Daten werden ausschlie\u00dflich in \u00dcbereinstimmung mit dem jeweils geltenden Datenschutzrecht erhoben und genutzt. Daten werden nur gespeichert, wenn sie aktiv \u00fcbermittelt werden. Kontaktdaten, die im Rahmen von Anfragen angegeben werden, werden ausschlie\u00dflich f\u00fcr die Korrespondenz verwendet. Ihre Daten werden ohne Ihre ausdr\u00fcckliche Einwilligung (Artikel 6 Absatz 1 Satz 1 lit. a DSGVO) nicht an Dritte weitergegeben \u2013 insbesondere halten wir uns strikt an die uns beruflich auferlegte Schweigepflicht.<\/p>\n\n\n\n<p>Ihre Einwilligung k\u00f6nnen Sie jederzeit widerrufen. Durch den Widerruf wird die Rechtm\u00e4\u00dfigkeit, der aufgrund der Einwilligung bis zum Widerruf erfolgten Verarbeitung der Daten nicht ber\u00fchrt. Den Widerruf k\u00f6nnen Sie schriftlich oder per E-Mail an uns richten.<\/p>\n\n\n\n<p>Beim Besuch unserer Website werden durch den auf Ihrem Endger\u00e4t zum Einsatz<br>kommenden Browser Informationen an den Server unserer Website gesendet.<br>Diese Informationen werden tempor\u00e4r in den Logfiles des Servers gespeichert. Folgende Informationen werden dabei erhoben:<br>\u2022 IP-Adresse des anfragenden Rechners,<br>\u2022 Datum und Uhrzeit des Zugriffs,<br>\u2022 Name und URL der abgerufenen Datei,<br>\u2022 zuvor besuchte Webseite (Referrer-URL),<br>\u2022 verwendeter Browser und ggf. das Betriebssystem Ihres Rechners sowie der Name Ihres Access-Providers.<br>Die genannten Daten werden erhoben und verarbeitet, damit ein reibungsloser Verbindungsaufbau der Website sichergestellt wird und die Inhalte korrekt dargestellt werden. Die Daten werden gel\u00f6scht, wenn sie nicht mehr erforderlich sind. Die Rechtsgrundlage f\u00fcr die Datenverarbeitung ist Artikel 6 Absatz 1 Satz 1 lit. f DSGVO.<br>Unser berechtigtes Interesse folgt aus oben aufgelisteten Zwecken zur Datenerhebung. In keinem Fall verwenden wir die erhobenen Daten zu dem Zweck, R\u00fcckschl\u00fcsse auf Ihre Person zu ziehen.<\/p>\n\n\n\n<p>Wir weisen darauf hin, dass die Daten\u00fcbertragung im Internet (z.B. bei der Kommunikation per E-Mail) Sicherheitsl\u00fccken aufweisen kann. Ein l\u00fcckenloser Schutz Ihrer Daten vor dem Zugriff durch Dritte ist nicht m\u00f6glich. Eine Onlineberatung bieten wir entsprechend nicht an. <\/p>\n\n\n\n<p>Bitte schreiben Sie keine vertraulichen Informationen, insbesondere Gesundheitsdaten in eine unverschl\u00fcsselte E-Mail, sondern nutzen Sie sie nur zu<br>einer ersten Kontaktaufnahme.<\/p>\n\n\n\n<p>Sie haben folgende Rechte:<br>\u2022 Recht auf Auskunft \u00fcber Ihre von uns verarbeiteten personenbezogenen Daten (Artikel 15 DSGVO), dazu geh\u00f6rt auch: Auskunft \u00fcber Verarbeitungszweck, Kategorie der personenbezogenen Daten, Empf\u00e4nger oder Kategorien von Empf\u00e4ngern, geplante Speicherdauer,<br>\u2022 Recht auf unverz\u00fcgliche Berichtigung unrichtiger Daten oder Vervollst\u00e4ndigung unvollst\u00e4ndiger Daten (Artikel 16 DSGVO),<br>\u2022 Recht auf unverz\u00fcgliche L\u00f6schung (Artikel 17 DSGVO),<br>\u2022 Recht auf Einschr\u00e4nkung der Verarbeitung (Artikel 18 DSGVO),<br>\u2022 Recht auf Daten\u00fcbertragbarkeit (Artikel 20 DSGVO),<br>\u2022 Recht auf jederzeitigen Widerruf Ihrer einmal erteilten Einwilligung (Artikel 7 Absatz 3 DSGVO),<br>\u2022 Recht auf Widerspruch gegen die Verarbeitung bei der Datenerhebung auf Grundlage von berechtigten Interessen nach Artikel 6 Absatz 1 Satz 1 lit. f DSGVO, soweit daf\u00fcr Gr\u00fcnde vorliegen, die sich aus Ihrer besonderen Situation ergeben (Artikel 21 DSGVO),<br>\u2022 Recht, nicht einer ausschlie\u00dflich auf einer automatisierten Verarbeitung \u2013 einschlie\u00dflich Profiling \u2013 beruhenden Entscheidung unterworfen zu werden, die Ihnen gegen\u00fcber rechtliche Wirkung entfaltet oder sie in \u00e4hnlicher Weise erheblich beeintr\u00e4chtigt (Art. 22 DSGVO).<br>Um diese Rechte geltend zu machen, k\u00f6nnen Sie sich jederzeit an uns wenden.<\/p>\n\n\n\n<p>Der Nutzung von im Rahmen der Impressumspflicht ver\u00f6ffentlichten Kontaktdaten durch Dritte zur \u00dcbersendung von nicht ausdr\u00fccklich angeforderter Werbung und Informationsmaterialien wird hiermit ausdr\u00fccklich widersprochen. Wir behalten uns ausdr\u00fccklich rechtliche Schritte im Falle der unverlangten Zusendung von Werbeinformationen, etwa durch Spam-Mails, vor.<\/p>\n\n\n\n<h5 class=\"wp-block-heading\">Haftung f\u00fcr Inhalte<\/h5>\n\n\n\n<p>Die Inhalte unserer Seiten wurden mit gr\u00f6\u00dfter Sorgfalt erstellt. F\u00fcr die Richtigkeit, Vollst\u00e4ndigkeit und Aktualit\u00e4t der Inhalte k\u00f6nnen wir jedoch keine Gew\u00e4hr \u00fcbernehmen. Als Diensteanbieter sind wir gem\u00e4\u00df \u00a7 7 Abs.1 TMG f\u00fcr eigene Inhalte auf diesen Seiten nach den allgemeinen Gesetzen verantwortlich. Nach \u00a7\u00a7 8 bis 10 TMG sind wir als Diensteanbieter jedoch nicht verpflichtet, \u00fcbermittelte oder gespeicherte fremde Informationen zu \u00fcberwachen oder nach Umst\u00e4nden zu forschen, die auf eine rechtswidrige T\u00e4tigkeit hinweisen. Verpflichtungen zur Entfernung oder Sperrung der Nutzung von Informationen nach den allgemeinen Gesetzen bleiben hiervon unber\u00fchrt. Eine diesbez\u00fcgliche Haftung ist erst ab dem Zeitpunkt der Kenntnis einer konkreten Rechtsverletzung m\u00f6glich. Bei Bekanntwerden von entsprechenden Rechtsverletzungen werden wir diese Inhalte umgehend entfernen.<\/p>\n\n\n\n<h5 class=\"wp-block-heading\">Haftung f\u00fcr Links<\/h5>\n\n\n\n<p>Unser Angebot enth\u00e4lt Links zu externen Webseiten Dritter, auf deren Inhalte wir keinen Einfluss haben. Deshalb k\u00f6nnen wir f\u00fcr diese fremden Inhalte auch keine Gew\u00e4hr \u00fcbernehmen. F\u00fcr die Inhalte der verlinkten Seiten ist stets der jeweilige Anbieter oder Betreiber der Seiten verantwortlich. Die verlinkten Seiten wurden zum Zeitpunkt der Verlinkung auf m\u00f6gliche Rechtsverst\u00f6\u00dfe \u00fcberpr\u00fcft. Rechtswidrige Inhalte waren zum Zeitpunkt der Verlinkung nicht erkennbar. Eine permanente inhaltliche Kontrolle der verlinkten Seiten ist jedoch ohne konkrete Anhaltspunkte einer Rechtsverletzung nicht zumutbar. Bei Bekanntwerden von Rechtsverletzungen werden wir derartige Links umgehend entfernen.<\/p>\n\n\n\n<h5 class=\"wp-block-heading\">Urheberrecht<\/h5>\n\n\n\n<p>Die durch die Seitenbetreiber erstellten Inhalte und Werke auf diesen Seiten unterliegen dem deutschen Urheberrecht. Die Vervielf\u00e4ltigung, Bearbeitung, Verbreitung und jede Art der Verwertung au\u00dferhalb der engen Grenzen des Urheberrechtes bed\u00fcrfen der schriftlichen Zustimmung des jeweiligen Autors bzw. Erstellers. Downloads und Kopien dieser Seite sind nur f\u00fcr den privaten, nicht kommerziellen Gebrauch gestattet. Soweit die Inhalte auf dieser Seite nicht vom Betreiber erstellt wurden, werden die Urheberrechte Dritter beachtet. Insbesondere werden Inhalte Dritter als solche gekennzeichnet. Sollten Sie auf eine Urheberrechtsverletzung aufmerksam werden, bitten wir um einen entsprechenden Hinweis. Bei Bekanntwerden von Rechtsverletzungen werden wir derartige Inhalte umgehend entfernen.<\/p>\n","protected":false},"excerpt":{"rendered":"<p>Datenschutzerkl\u00e4rung Verantwortlich f\u00fcr die Homepage: Hilke Monschan M. Sc. Die Nutzung der Webseite ist ohne Angabe personenbezogener Daten m\u00f6glich. Wir erheben auf unseren Seiten keine personenbezogenen Daten (beispielsweise Name, Anschrift oder E-Mail-Adressen). Ihre auf anderem Wege (Telefon, Brief, Gespr\u00e4ch) uns mitgeteilten pers\u00f6nlichen Daten werden ausschlie\u00dflich in \u00dcbereinstimmung mit dem jeweils geltenden Datenschutzrecht erhoben und genutzt. [&hellip;]<\/p>\n","protected":false},"author":1,"featured_media":0,"parent":0,"menu_order":6,"comment_status":"closed","ping_status":"closed","template":"","meta":{"_monsterinsights_skip_tracking":false,"_monsterinsights_sitenote_active":false,"_monsterinsights_sitenote_note":"","_monsterinsights_sitenote_category":0,"footnotes":""},"class_list":["post-70","page","type-page","status-publish","hentry"],"aioseo_notices":[],"_links":{"self":[{"href":"https:\/\/www.ppt-hagen.de\/start\/wp-json\/wp\/v2\/pages\/70","targetHints":{"allow":["GET"]}}],"collection":[{"href":"https:\/\/www.ppt-hagen.de\/start\/wp-json\/wp\/v2\/pages"}],"about":[{"href":"https:\/\/www.ppt-hagen.de\/start\/wp-json\/wp\/v2\/types\/page"}],"author":[{"embeddable":true,"href":"https:\/\/www.ppt-hagen.de\/start\/wp-json\/wp\/v2\/users\/1"}],"replies":[{"embeddable":true,"href":"https:\/\/www.ppt-hagen.de\/start\/wp-json\/wp\/v2\/comments?post=70"}],"version-history":[{"count":16,"href":"https:\/\/www.ppt-hagen.de\/start\/wp-json\/wp\/v2\/pages\/70\/revisions"}],"predecessor-version":[{"id":505,"href":"https:\/\/www.ppt-hagen.de\/start\/wp-json\/wp\/v2\/pages\/70\/revisions\/505"}],"wp:attachment":[{"href":"https:\/\/www.ppt-hagen.de\/start\/wp-json\/wp\/v2\/media?parent=70"}],"curies":[{"name":"wp","href":"https:\/\/api.w.org\/{rel}","templated":true}]}}